{"id":54,"date":"2016-06-11T14:04:50","date_gmt":"2016-06-11T05:04:50","guid":{"rendered":"https:\/\/newhopeosaka.org\/?page_id=54"},"modified":"2017-03-01T22:56:58","modified_gmt":"2017-03-01T13:56:58","slug":"contact","status":"publish","type":"page","link":"https:\/\/newhopeosaka.org\/en\/contact\/","title":{"rendered":"Contact"},"content":{"rendered":"<p>[et_pb_section admin_label=&#8221;section&#8221; fullwidth=&#8221;off&#8221; background_color=&#8221;#27323a&#8221; inner_shadow=&#8221;off&#8221; parallax=&#8221;off&#8221; transparent_background=&#8221;off&#8221; allow_player_pause=&#8221;off&#8221; parallax_method=&#8221;off&#8221; padding_mobile=&#8221;off&#8221; make_fullwidth=&#8221;off&#8221; use_custom_width=&#8221;off&#8221; width_unit=&#8221;on&#8221; make_equal=&#8221;off&#8221; use_custom_gutter=&#8221;off&#8221; module_id=&#8221;contact&#8221;][et_pb_row admin_label=&#8221;row&#8221; make_fullwidth=&#8221;off&#8221; use_custom_width=&#8221;off&#8221; width_unit=&#8221;on&#8221; use_custom_gutter=&#8221;off&#8221; padding_mobile=&#8221;off&#8221; custom_margin=&#8221;||0px|&#8221; allow_player_pause=&#8221;off&#8221; parallax=&#8221;off&#8221; parallax_method=&#8221;off&#8221; make_equal=&#8221;off&#8221; parallax_1=&#8221;off&#8221; parallax_method_1=&#8221;off&#8221; parallax_2=&#8221;off&#8221; parallax_method_2=&#8221;off&#8221; column_padding_mobile=&#8221;on&#8221;][et_pb_column type=&#8221;3_4&#8243;][et_pb_text admin_label=&#8221;Text&#8221; background_layout=&#8221;dark&#8221; text_orientation=&#8221;left&#8221; use_border_color=&#8221;off&#8221; border_color=&#8221;#ffffff&#8221; border_style=&#8221;solid&#8221; text_font_size=&#8221;20&#8243; text_text_color=&#8221;#bbbbbb&#8221;]<\/p>\n<h1>Contact \/ Visit Us<\/h1>\n<p>Sunday Services are held weekly at 2:00 pm.<\/p>\n<p>[\/et_pb_text][\/et_pb_column][et_pb_column type=&#8221;1_4&#8243;][et_pb_button admin_label=&#8221;Button&#8221; button_url=&#8221;#email&#8221; url_new_window=&#8221;off&#8221; button_text=&#8221;Send an Email&#8221; button_alignment=&#8221;left&#8221; background_layout=&#8221;dark&#8221; custom_button=&#8221;on&#8221; button_letter_spacing=&#8221;0&#8243; button_use_icon=&#8221;default&#8221; button_icon=&#8221;%%109%%&#8221; button_icon_placement=&#8221;right&#8221; button_on_hover=&#8221;off&#8221; button_letter_spacing_hover=&#8221;0&#8243;] [\/et_pb_button][\/et_pb_column][\/et_pb_row][\/et_pb_section][et_pb_section admin_label=&#8221;section&#8221; transparent_background=&#8221;off&#8221; background_color=&#8221;#f5f5f5&#8243; allow_player_pause=&#8221;off&#8221; inner_shadow=&#8221;off&#8221; parallax=&#8221;off&#8221; parallax_method=&#8221;off&#8221; padding_mobile=&#8221;off&#8221; make_fullwidth=&#8221;off&#8221; use_custom_width=&#8221;off&#8221; width_unit=&#8221;on&#8221; make_equal=&#8221;off&#8221; use_custom_gutter=&#8221;off&#8221;][et_pb_row admin_label=&#8221;Row&#8221;][et_pb_column type=&#8221;1_2&#8243;][et_pb_text admin_label=&#8221;Text&#8221; background_layout=&#8221;light&#8221; text_orientation=&#8221;left&#8221; use_border_color=&#8221;off&#8221; border_color=&#8221;#ffffff&#8221; border_style=&#8221;solid&#8221;]<\/p>\n<h3>Address<\/h3>\n<p><strong>New Hope International Fellowship Osaka<\/strong><br \/>\n1-8-5 Minami Senba, Chuo-Ku, Osaka-shi,\u00a0 542-0081<br \/>\nMinami Senba SK Building 7th Floor (Room 701)<\/p>\n<h4>Nagahoribashi Station (Sakaisuji and Nagahori Tsurumi-ryokuchi Lines)<\/h4>\n<p>5-minute walk from Exit #1<\/p>\n<h4>Get Directions from Nagahoribashi Station in Pictures<\/h4>\n<p>[\/et_pb_text][et_pb_button admin_label=&#8221;Button&#8221; button_url=&#8221;#directions&#8221; url_new_window=&#8221;on&#8221; button_text=&#8221;View Directions in Pictures&#8221; button_alignment=&#8221;left&#8221; background_layout=&#8221;light&#8221; custom_button=&#8221;on&#8221; button_letter_spacing=&#8221;0&#8243; button_use_icon=&#8221;default&#8221; button_icon_placement=&#8221;right&#8221; button_on_hover=&#8221;off&#8221; button_letter_spacing_hover=&#8221;0&#8243; button_icon=&#8221;%%100%%&#8221;] [\/et_pb_button][\/et_pb_column][et_pb_column type=&#8221;1_2&#8243;][et_pb_text admin_label=&#8221;Text&#8221; background_layout=&#8221;light&#8221; text_orientation=&#8221;left&#8221; use_border_color=&#8221;off&#8221; border_color=&#8221;#ffffff&#8221; border_style=&#8221;solid&#8221;]<\/p>\n<h3>Get Directions<\/h3>\n<p>[\/et_pb_text][et_pb_map admin_label=&#8221;Map&#8221; address=&#8221;1 Chome-8-5 Minamisenba, Ch\u016b\u014d-ku, \u014csaka-shi, \u014csaka-fu 542-0081, Japan&#8221; zoom_level=&#8221;16&#8243; address_lat=&#8221;34.67699057532213&#8243; address_lng=&#8221;135.5096300019218&#8243; mouse_wheel=&#8221;on&#8221; use_grayscale_filter=&#8221;off&#8221;] [et_pb_map_pin title=&#8221;New Hope Osaka&#8221; pin_address=&#8221;1 Chome-8-5 Minamisenba, Ch\u016b\u014d-ku, \u014csaka-shi, \u014csaka-fu 542-0081, Japan&#8221; pin_address_lat=&#8221;34.6770979&#8243; pin_address_lng=&#8221;135.50911769999993&#8243;]<strong>New Hope Osaka<br \/>\n<\/strong>1-8-5 Minami Senba, Chuo-Ku, Osaka-shi,\u00a0 542-0081<br \/>\nMinami Senba SK Building 7th Floor (Room 701)[\/et_pb_map_pin] [\/et_pb_map][et_pb_button admin_label=&#8221;Button&#8221; button_url=&#8221;https:\/\/www.google.co.jp\/maps\/place\/%E3%83%8B%E3%83%A5%E3%83%BC%E3%83%9B%E3%83%BC%E3%83%97%E5%A4%A7%E9%98%AA+New+Hope+Osaka\/@34.6769915,135.5090963,20.5z\/data=!4m15!1m9!4m8!1m0!1m6!1m2!1s0x6000e73cfb0772cf:0x21bffc98d1339fe1!2z5Lit5aSu5Yy65Y2X6Ii55aC077yR5LiB55uu77yY4oiS77yVIDdGIOODi-ODpeODvOODm-ODvOODl-Wkp-mYqiBOZXcgSG9wZSBPc2FrYSwgT3Nha2EsIE9zYWthIFByZWZlY3R1cmUgNTQyLTAwODE!2m2!1d135.5091351!2d34.6770828!3m4!1s0x0:0x21bffc98d1339fe1!8m2!3d34.677083!4d135.5091349?hl=en&#8221; url_new_window=&#8221;on&#8221; button_text=&#8221;Get Directions from Google&#8221; button_alignment=&#8221;left&#8221; background_layout=&#8221;light&#8221; custom_button=&#8221;on&#8221; button_letter_spacing=&#8221;0&#8243; button_use_icon=&#8221;default&#8221; button_icon_placement=&#8221;right&#8221; button_on_hover=&#8221;off&#8221; button_letter_spacing_hover=&#8221;0&#8243; button_icon=&#8221;%%124%%&#8221;] [\/et_pb_button][\/et_pb_column][\/et_pb_row][\/et_pb_section][et_pb_section admin_label=&#8221;section&#8221; fullwidth=&#8221;off&#8221; background_color=&#8221;#22262e&#8221; inner_shadow=&#8221;off&#8221; parallax=&#8221;off&#8221; transparent_background=&#8221;off&#8221; allow_player_pause=&#8221;off&#8221; parallax_method=&#8221;off&#8221; padding_mobile=&#8221;off&#8221; make_fullwidth=&#8221;off&#8221; use_custom_width=&#8221;off&#8221; width_unit=&#8221;on&#8221; make_equal=&#8221;off&#8221; use_custom_gutter=&#8221;off&#8221; module_id=&#8221;directions&#8221;][et_pb_row admin_label=&#8221;Row&#8221;][et_pb_column type=&#8221;4_4&#8243;][et_pb_text admin_label=&#8221;Text&#8221; background_layout=&#8221;dark&#8221; text_orientation=&#8221;center&#8221; use_border_color=&#8221;off&#8221; border_color=&#8221;#ffffff&#8221; border_style=&#8221;solid&#8221; text_font_size=&#8221;20&#8243; text_text_color=&#8221;#bbbbbb&#8221;]<\/p>\n<h2>Directions from Nagahoribashi Station in Pictures<\/h2>\n<p>[\/et_pb_text][\/et_pb_column][\/et_pb_row][et_pb_row admin_label=&#8221;Row&#8221;][et_pb_column type=&#8221;1_4&#8243;][et_pb_image admin_label=&#8221;Image&#8221; src=&#8221;https:\/\/newhopeosaka.org\/wp-content\/uploads\/2016\/06\/Directions1.jpg&#8221; show_in_lightbox=&#8221;on&#8221; url_new_window=&#8221;off&#8221; use_overlay=&#8221;off&#8221; animation=&#8221;off&#8221; sticky=&#8221;off&#8221; align=&#8221;left&#8221; force_fullwidth=&#8221;off&#8221; always_center_on_mobile=&#8221;on&#8221; use_border_color=&#8221;off&#8221; border_color=&#8221;#ffffff&#8221; border_style=&#8221;solid&#8221;] [\/et_pb_image][et_pb_text admin_label=&#8221;Text&#8221; background_layout=&#8221;dark&#8221; text_orientation=&#8221;left&#8221; use_border_color=&#8221;off&#8221; border_color=&#8221;#ffffff&#8221; border_style=&#8221;solid&#8221;]<\/p>\n<p>Exit #1 at Nagahoribashi Station<\/p>\n<p>[\/et_pb_text][\/et_pb_column][et_pb_column type=&#8221;1_4&#8243;][et_pb_image admin_label=&#8221;Image&#8221; src=&#8221;https:\/\/newhopeosaka.org\/wp-content\/uploads\/2016\/06\/Directions2.jpg&#8221; show_in_lightbox=&#8221;on&#8221; url_new_window=&#8221;off&#8221; use_overlay=&#8221;off&#8221; animation=&#8221;off&#8221; sticky=&#8221;off&#8221; align=&#8221;left&#8221; force_fullwidth=&#8221;off&#8221; always_center_on_mobile=&#8221;on&#8221; use_border_color=&#8221;off&#8221; border_color=&#8221;#ffffff&#8221; border_style=&#8221;solid&#8221;] [\/et_pb_image][et_pb_text admin_label=&#8221;Text&#8221; background_layout=&#8221;dark&#8221; text_orientation=&#8221;left&#8221; use_border_color=&#8221;off&#8221; border_color=&#8221;#ffffff&#8221; border_style=&#8221;solid&#8221;]<\/p>\n<p>Slight left at the top of the stairs<\/p>\n<p>[\/et_pb_text][\/et_pb_column][et_pb_column type=&#8221;1_4&#8243;][et_pb_image admin_label=&#8221;Image&#8221; src=&#8221;https:\/\/newhopeosaka.org\/wp-content\/uploads\/2016\/06\/Directions3.jpg&#8221; show_in_lightbox=&#8221;on&#8221; url_new_window=&#8221;off&#8221; use_overlay=&#8221;off&#8221; animation=&#8221;off&#8221; sticky=&#8221;off&#8221; align=&#8221;left&#8221; force_fullwidth=&#8221;off&#8221; always_center_on_mobile=&#8221;on&#8221; use_border_color=&#8221;off&#8221; border_color=&#8221;#ffffff&#8221; border_style=&#8221;solid&#8221;] [\/et_pb_image][et_pb_text admin_label=&#8221;Text&#8221; background_layout=&#8221;dark&#8221; text_orientation=&#8221;left&#8221; use_border_color=&#8221;off&#8221; border_color=&#8221;#ffffff&#8221; border_style=&#8221;solid&#8221;]<\/p>\n<p>Continue for 3 blocks down Nagahoribashi-suji<\/p>\n<p>[\/et_pb_text][\/et_pb_column][et_pb_column type=&#8221;1_4&#8243;][et_pb_image admin_label=&#8221;Image&#8221; src=&#8221;https:\/\/newhopeosaka.org\/wp-content\/uploads\/2016\/06\/Directions4.jpg&#8221; show_in_lightbox=&#8221;on&#8221; url_new_window=&#8221;off&#8221; use_overlay=&#8221;off&#8221; animation=&#8221;off&#8221; sticky=&#8221;off&#8221; align=&#8221;left&#8221; force_fullwidth=&#8221;off&#8221; always_center_on_mobile=&#8221;on&#8221; use_border_color=&#8221;off&#8221; border_color=&#8221;#ffffff&#8221; border_style=&#8221;solid&#8221;] [\/et_pb_image][et_pb_text admin_label=&#8221;Text&#8221; background_layout=&#8221;dark&#8221; text_orientation=&#8221;left&#8221; use_border_color=&#8221;off&#8221; border_color=&#8221;#ffffff&#8221; border_style=&#8221;solid&#8221;]<\/p>\n<p>Left after the 3rd block<\/p>\n<p>[\/et_pb_text][\/et_pb_column][\/et_pb_row][et_pb_row admin_label=&#8221;Row&#8221;][et_pb_column type=&#8221;1_4&#8243;][et_pb_image admin_label=&#8221;Image&#8221; src=&#8221;https:\/\/newhopeosaka.org\/wp-content\/uploads\/2016\/06\/Directions5.jpg&#8221; show_in_lightbox=&#8221;on&#8221; url_new_window=&#8221;off&#8221; use_overlay=&#8221;off&#8221; animation=&#8221;off&#8221; sticky=&#8221;off&#8221; align=&#8221;left&#8221; force_fullwidth=&#8221;off&#8221; always_center_on_mobile=&#8221;on&#8221; use_border_color=&#8221;off&#8221; border_color=&#8221;#ffffff&#8221; border_style=&#8221;solid&#8221;] [\/et_pb_image][et_pb_text admin_label=&#8221;Text&#8221; background_layout=&#8221;dark&#8221; text_orientation=&#8221;left&#8221; use_border_color=&#8221;off&#8221; border_color=&#8221;#ffffff&#8221; border_style=&#8221;solid&#8221;]<\/p>\n<p>Continue straight for 2 blocks<\/p>\n<p>[\/et_pb_text][\/et_pb_column][et_pb_column type=&#8221;1_4&#8243;][et_pb_image admin_label=&#8221;Image&#8221; src=&#8221;https:\/\/newhopeosaka.org\/wp-content\/uploads\/2016\/06\/Directions6.jpg&#8221; show_in_lightbox=&#8221;on&#8221; url_new_window=&#8221;off&#8221; use_overlay=&#8221;off&#8221; animation=&#8221;off&#8221; sticky=&#8221;off&#8221; align=&#8221;left&#8221; force_fullwidth=&#8221;off&#8221; always_center_on_mobile=&#8221;on&#8221; use_border_color=&#8221;off&#8221; border_color=&#8221;#ffffff&#8221; border_style=&#8221;solid&#8221;] [\/et_pb_image][et_pb_text admin_label=&#8221;Text&#8221; background_layout=&#8221;dark&#8221; text_orientation=&#8221;left&#8221; use_border_color=&#8221;off&#8221; border_color=&#8221;#ffffff&#8221; border_style=&#8221;solid&#8221;]<\/p>\n<p>Cross the intersection after two blocks and look for the second building after the parking lot on the left<\/p>\n<p>[\/et_pb_text][\/et_pb_column][et_pb_column type=&#8221;1_4&#8243;][et_pb_image admin_label=&#8221;Image&#8221; src=&#8221;https:\/\/newhopeosaka.org\/wp-content\/uploads\/2016\/06\/Directions7.jpg&#8221; show_in_lightbox=&#8221;on&#8221; url_new_window=&#8221;off&#8221; use_overlay=&#8221;off&#8221; animation=&#8221;off&#8221; sticky=&#8221;off&#8221; align=&#8221;left&#8221; force_fullwidth=&#8221;off&#8221; always_center_on_mobile=&#8221;on&#8221; use_border_color=&#8221;off&#8221; border_color=&#8221;#ffffff&#8221; border_style=&#8221;solid&#8221;] [\/et_pb_image][et_pb_text admin_label=&#8221;Text&#8221; background_layout=&#8221;dark&#8221; text_orientation=&#8221;left&#8221; use_border_color=&#8221;off&#8221; border_color=&#8221;#ffffff&#8221; border_style=&#8221;solid&#8221;]<\/p>\n<p>Proceed past the bike parking to enter the\u00a0Minami Senba SK Building<\/p>\n<p>[\/et_pb_text][\/et_pb_column][et_pb_column type=&#8221;1_4&#8243;][et_pb_image admin_label=&#8221;Image&#8221; src=&#8221;https:\/\/newhopeosaka.org\/wp-content\/uploads\/2016\/06\/Directions8.jpg&#8221; show_in_lightbox=&#8221;on&#8221; url_new_window=&#8221;off&#8221; use_overlay=&#8221;off&#8221; animation=&#8221;off&#8221; sticky=&#8221;off&#8221; align=&#8221;left&#8221; force_fullwidth=&#8221;off&#8221; always_center_on_mobile=&#8221;on&#8221; use_border_color=&#8221;off&#8221; border_color=&#8221;#ffffff&#8221; border_style=&#8221;solid&#8221;] [\/et_pb_image][et_pb_text admin_label=&#8221;Text&#8221; background_layout=&#8221;dark&#8221; text_orientation=&#8221;left&#8221; use_border_color=&#8221;off&#8221; border_color=&#8221;#ffffff&#8221; border_style=&#8221;solid&#8221;]<\/p>\n<p>Pass through the automatic doors and use the elevator to access New Hope Osaka on the 7th floor<\/p>\n<p>[\/et_pb_text][\/et_pb_column][\/et_pb_row][\/et_pb_section][et_pb_section admin_label=&#8221;Section&#8221; fullwidth=&#8221;off&#8221; specialty=&#8221;off&#8221; transparent_background=&#8221;off&#8221; background_color=&#8221;#ffffff&#8221; allow_player_pause=&#8221;off&#8221; inner_shadow=&#8221;off&#8221; parallax=&#8221;off&#8221; parallax_method=&#8221;off&#8221; padding_mobile=&#8221;off&#8221; make_fullwidth=&#8221;off&#8221; use_custom_width=&#8221;off&#8221; width_unit=&#8221;on&#8221; make_equal=&#8221;off&#8221; use_custom_gutter=&#8221;off&#8221; module_id=&#8221;email&#8221;][et_pb_row admin_label=&#8221;Row&#8221;][et_pb_column type=&#8221;1_2&#8243;][et_pb_text admin_label=&#8221;Text&#8221; background_layout=&#8221;light&#8221; text_orientation=&#8221;left&#8221; use_border_color=&#8221;off&#8221; border_color=&#8221;#ffffff&#8221; border_style=&#8221;solid&#8221; custom_margin=&#8221;||1em|&#8221; custom_padding=&#8221;||0px|&#8221;]<\/p>\n<h3>General Contact<\/h3>\n<p>Please feel free to write a message, ask a question or give a prayer request using the email form. For more urgent matters, you may contact us by phone:<\/p>\n<p><strong>Phone.\u00a0<\/strong>+81 (0)80-9471-1989<\/p>\n<p>[\/et_pb_text][\/et_pb_column][et_pb_column type=&#8221;1_2&#8243;][et_pb_text admin_label=&#8221;Text&#8221; background_layout=&#8221;light&#8221; text_orientation=&#8221;left&#8221; use_border_color=&#8221;off&#8221; border_color=&#8221;#ffffff&#8221; border_style=&#8221;solid&#8221; custom_margin=&#8221;||1em|&#8221; custom_padding=&#8221;||0px|&#8221;]<\/p>\n<h3>Send Us an Email<\/h3>\n<p>[\/et_pb_text][et_pb_contact_form admin_label=&#8221;Contact Form&#8221; captcha=&#8221;on&#8221; email=&#8221;jlhettinger5@gmail.com&#8221; use_redirect=&#8221;off&#8221; input_border_radius=&#8221;0&#8243; use_border_color=&#8221;off&#8221; border_color=&#8221;#ffffff&#8221; border_style=&#8221;solid&#8221; custom_button=&#8221;off&#8221; button_letter_spacing=&#8221;0&#8243; button_use_icon=&#8221;default&#8221; button_icon_placement=&#8221;right&#8221; button_on_hover=&#8221;on&#8221; button_letter_spacing_hover=&#8221;0&#8243;] [et_pb_contact_field field_title=&#8221;Name&#8221; field_type=&#8221;input&#8221; field_id=&#8221;Name&#8221; required_mark=&#8221;on&#8221; fullwidth_field=&#8221;off&#8221; \/][et_pb_contact_field field_title=&#8221;Email Address&#8221; field_type=&#8221;email&#8221; field_id=&#8221;Email&#8221; required_mark=&#8221;on&#8221; fullwidth_field=&#8221;off&#8221; \/][et_pb_contact_field field_title=&#8221;Message&#8221; field_type=&#8221;text&#8221; field_id=&#8221;Message&#8221; required_mark=&#8221;on&#8221; \/] [\/et_pb_contact_form][\/et_pb_column][\/et_pb_row][\/et_pb_section]<\/p>\n","protected":false},"excerpt":{"rendered":"<p>Contact \/ Visit Us Sunday Services are held weekly at 2:00 pm. Address New Hope International Fellowship Osaka 1-8-5 Minami Senba, Chuo-Ku, Osaka-shi,\u00a0 542-0081 Minami Senba SK Building 7th Floor (Room 701) Nagahoribashi Station (Sakaisuji and Nagahori Tsurumi-ryokuchi Lines) 5-minute walk from Exit #1 Get Directions from Nagahoribashi Station in Pictures Get Directions New Hope [&hellip;]<\/p>\n","protected":false},"author":1,"featured_media":0,"parent":0,"menu_order":0,"comment_status":"closed","ping_status":"closed","template":"","meta":{"_et_pb_use_builder":"on","_et_pb_old_content":"","_et_gb_content_width":"","footnotes":""},"class_list":["post-54","page","type-page","status-publish","hentry"],"yoast_head":"<!-- This site is optimized with the Yoast SEO plugin v27.3 - https:\/\/yoast.com\/product\/yoast-seo-wordpress\/ -->\n<title>Contact | New Hope Osaka | International, Bilingual Church in Osaka<\/title>\n<meta name=\"description\" content=\"Find contact information, send us an email or get directions\/map to our location. Services are held weekly at 2pm on Sundays.\" \/>\n<meta name=\"robots\" content=\"index, follow, max-snippet:-1, max-image-preview:large, max-video-preview:-1\" \/>\n<link rel=\"canonical\" href=\"https:\/\/newhopeosaka.org\/\u304a\u554f\u5408\u305b\/\" \/>\n<meta property=\"og:locale\" content=\"en_US\" \/>\n<meta property=\"og:type\" content=\"article\" \/>\n<meta property=\"og:title\" content=\"Contact | New Hope Osaka | International, Bilingual Church in Osaka\" \/>\n<meta property=\"og:description\" content=\"Find contact information, send us an email or get directions\/map to our location. Services are held weekly at 2pm on Sundays.\" \/>\n<meta property=\"og:url\" content=\"https:\/\/newhopeosaka.org\/\u304a\u554f\u5408\u305b\/\" \/>\n<meta property=\"og:site_name\" content=\"New Hope Osaka Church\" \/>\n<meta property=\"article:modified_time\" content=\"2017-03-01T13:56:58+00:00\" \/>\n<meta name=\"twitter:card\" content=\"summary_large_image\" \/>\n<meta name=\"twitter:label1\" content=\"Est. reading time\" \/>\n\t<meta name=\"twitter:data1\" content=\"9 minutes\" \/>\n<script type=\"application\/ld+json\" class=\"yoast-schema-graph\">{\"@context\":\"https:\\\/\\\/schema.org\",\"@graph\":[{\"@type\":\"WebPage\",\"@id\":\"https:\\\/\\\/newhopeosaka.org\\\/%e3%81%8a%e5%95%8f%e5%90%88%e3%81%9b\\\/\",\"url\":\"https:\\\/\\\/newhopeosaka.org\\\/%e3%81%8a%e5%95%8f%e5%90%88%e3%81%9b\\\/\",\"name\":\"Contact | New Hope Osaka | International, Bilingual Church in Osaka\",\"isPartOf\":{\"@id\":\"https:\\\/\\\/newhopeosaka.org\\\/#website\"},\"datePublished\":\"2016-06-11T05:04:50+00:00\",\"dateModified\":\"2017-03-01T13:56:58+00:00\",\"description\":\"Find contact information, send us an email or get directions\\\/map to our location. Services are held weekly at 2pm on Sundays.\",\"breadcrumb\":{\"@id\":\"https:\\\/\\\/newhopeosaka.org\\\/%e3%81%8a%e5%95%8f%e5%90%88%e3%81%9b\\\/#breadcrumb\"},\"inLanguage\":\"en-US\",\"potentialAction\":[{\"@type\":\"ReadAction\",\"target\":[\"https:\\\/\\\/newhopeosaka.org\\\/%e3%81%8a%e5%95%8f%e5%90%88%e3%81%9b\\\/\"]}]},{\"@type\":\"BreadcrumbList\",\"@id\":\"https:\\\/\\\/newhopeosaka.org\\\/%e3%81%8a%e5%95%8f%e5%90%88%e3%81%9b\\\/#breadcrumb\",\"itemListElement\":[{\"@type\":\"ListItem\",\"position\":1,\"name\":\"Home\",\"item\":\"https:\\\/\\\/newhopeosaka.org\\\/\"},{\"@type\":\"ListItem\",\"position\":2,\"name\":\"Contact\"}]},{\"@type\":\"WebSite\",\"@id\":\"https:\\\/\\\/newhopeosaka.org\\\/#website\",\"url\":\"https:\\\/\\\/newhopeosaka.org\\\/\",\"name\":\"New Hope Osaka Church\",\"description\":\"Osaka Church &amp; Christian Fellowship\",\"publisher\":{\"@id\":\"https:\\\/\\\/newhopeosaka.org\\\/#organization\"},\"potentialAction\":[{\"@type\":\"SearchAction\",\"target\":{\"@type\":\"EntryPoint\",\"urlTemplate\":\"https:\\\/\\\/newhopeosaka.org\\\/?s={search_term_string}\"},\"query-input\":{\"@type\":\"PropertyValueSpecification\",\"valueRequired\":true,\"valueName\":\"search_term_string\"}}],\"inLanguage\":\"en-US\"},{\"@type\":\"Organization\",\"@id\":\"https:\\\/\\\/newhopeosaka.org\\\/#organization\",\"name\":\"New Hope Osaka Church\",\"url\":\"https:\\\/\\\/newhopeosaka.org\\\/\",\"logo\":{\"@type\":\"ImageObject\",\"inLanguage\":\"en-US\",\"@id\":\"https:\\\/\\\/newhopeosaka.org\\\/#\\\/schema\\\/logo\\\/image\\\/\",\"url\":\"https:\\\/\\\/newhopeosaka.org\\\/wp-content\\\/uploads\\\/2016\\\/06\\\/newhopewhite300.png\",\"contentUrl\":\"https:\\\/\\\/newhopeosaka.org\\\/wp-content\\\/uploads\\\/2016\\\/06\\\/newhopewhite300.png\",\"width\":300,\"height\":83,\"caption\":\"New Hope Osaka Church\"},\"image\":{\"@id\":\"https:\\\/\\\/newhopeosaka.org\\\/#\\\/schema\\\/logo\\\/image\\\/\"}}]}<\/script>\n<!-- \/ Yoast SEO plugin. -->","yoast_head_json":{"title":"Contact | New Hope Osaka | International, Bilingual Church in Osaka","description":"Find contact information, send us an email or get directions\/map to our location. Services are held weekly at 2pm on Sundays.","robots":{"index":"index","follow":"follow","max-snippet":"max-snippet:-1","max-image-preview":"max-image-preview:large","max-video-preview":"max-video-preview:-1"},"canonical":"https:\/\/newhopeosaka.org\/\u304a\u554f\u5408\u305b\/","og_locale":"en_US","og_type":"article","og_title":"Contact | New Hope Osaka | International, Bilingual Church in Osaka","og_description":"Find contact information, send us an email or get directions\/map to our location. Services are held weekly at 2pm on Sundays.","og_url":"https:\/\/newhopeosaka.org\/\u304a\u554f\u5408\u305b\/","og_site_name":"New Hope Osaka Church","article_modified_time":"2017-03-01T13:56:58+00:00","twitter_card":"summary_large_image","twitter_misc":{"Est. reading time":"9 minutes"},"schema":{"@context":"https:\/\/schema.org","@graph":[{"@type":"WebPage","@id":"https:\/\/newhopeosaka.org\/%e3%81%8a%e5%95%8f%e5%90%88%e3%81%9b\/","url":"https:\/\/newhopeosaka.org\/%e3%81%8a%e5%95%8f%e5%90%88%e3%81%9b\/","name":"Contact | New Hope Osaka | International, Bilingual Church in Osaka","isPartOf":{"@id":"https:\/\/newhopeosaka.org\/#website"},"datePublished":"2016-06-11T05:04:50+00:00","dateModified":"2017-03-01T13:56:58+00:00","description":"Find contact information, send us an email or get directions\/map to our location. Services are held weekly at 2pm on Sundays.","breadcrumb":{"@id":"https:\/\/newhopeosaka.org\/%e3%81%8a%e5%95%8f%e5%90%88%e3%81%9b\/#breadcrumb"},"inLanguage":"en-US","potentialAction":[{"@type":"ReadAction","target":["https:\/\/newhopeosaka.org\/%e3%81%8a%e5%95%8f%e5%90%88%e3%81%9b\/"]}]},{"@type":"BreadcrumbList","@id":"https:\/\/newhopeosaka.org\/%e3%81%8a%e5%95%8f%e5%90%88%e3%81%9b\/#breadcrumb","itemListElement":[{"@type":"ListItem","position":1,"name":"Home","item":"https:\/\/newhopeosaka.org\/"},{"@type":"ListItem","position":2,"name":"Contact"}]},{"@type":"WebSite","@id":"https:\/\/newhopeosaka.org\/#website","url":"https:\/\/newhopeosaka.org\/","name":"New Hope Osaka Church","description":"Osaka Church &amp; Christian Fellowship","publisher":{"@id":"https:\/\/newhopeosaka.org\/#organization"},"potentialAction":[{"@type":"SearchAction","target":{"@type":"EntryPoint","urlTemplate":"https:\/\/newhopeosaka.org\/?s={search_term_string}"},"query-input":{"@type":"PropertyValueSpecification","valueRequired":true,"valueName":"search_term_string"}}],"inLanguage":"en-US"},{"@type":"Organization","@id":"https:\/\/newhopeosaka.org\/#organization","name":"New Hope Osaka Church","url":"https:\/\/newhopeosaka.org\/","logo":{"@type":"ImageObject","inLanguage":"en-US","@id":"https:\/\/newhopeosaka.org\/#\/schema\/logo\/image\/","url":"https:\/\/newhopeosaka.org\/wp-content\/uploads\/2016\/06\/newhopewhite300.png","contentUrl":"https:\/\/newhopeosaka.org\/wp-content\/uploads\/2016\/06\/newhopewhite300.png","width":300,"height":83,"caption":"New Hope Osaka Church"},"image":{"@id":"https:\/\/newhopeosaka.org\/#\/schema\/logo\/image\/"}}]}},"_links":{"self":[{"href":"https:\/\/newhopeosaka.org\/en\/wp-json\/wp\/v2\/pages\/54","targetHints":{"allow":["GET"]}}],"collection":[{"href":"https:\/\/newhopeosaka.org\/en\/wp-json\/wp\/v2\/pages"}],"about":[{"href":"https:\/\/newhopeosaka.org\/en\/wp-json\/wp\/v2\/types\/page"}],"author":[{"embeddable":true,"href":"https:\/\/newhopeosaka.org\/en\/wp-json\/wp\/v2\/users\/1"}],"replies":[{"embeddable":true,"href":"https:\/\/newhopeosaka.org\/en\/wp-json\/wp\/v2\/comments?post=54"}],"version-history":[{"count":4,"href":"https:\/\/newhopeosaka.org\/en\/wp-json\/wp\/v2\/pages\/54\/revisions"}],"predecessor-version":[{"id":640,"href":"https:\/\/newhopeosaka.org\/en\/wp-json\/wp\/v2\/pages\/54\/revisions\/640"}],"wp:attachment":[{"href":"https:\/\/newhopeosaka.org\/en\/wp-json\/wp\/v2\/media?parent=54"}],"curies":[{"name":"wp","href":"https:\/\/api.w.org\/{rel}","templated":true}]}}